{"id":440,"date":"2023-10-26T11:29:20","date_gmt":"2023-10-26T11:29:20","guid":{"rendered":"https:\/\/melroses.es\/?page_id=440"},"modified":"2026-05-13T08:56:19","modified_gmt":"2026-05-13T08:56:19","slug":"pescado","status":"publish","type":"page","link":"https:\/\/melroses.es\/es\/pescado\/","title":{"rendered":"Pescado"},"content":{"rendered":"<section class=\"l-section wpb_row us_custom_de67d1db height_medium width_full\"><div class=\"l-section-h i-cf\"><div class=\"g-cols vc_row via_grid cols_1 laptops-cols_inherit tablets-cols_inherit mobiles-cols_1 valign_top type_default stacking_default\"><div class=\"wpb_column vc_column_container\"><div class=\"vc_column-inner\">[vc_custom_heading text=\u00bbMEN\u00da\u00bb font_container=\u00bbtag:div|text_align:left\u00bb use_theme_fonts=\u00bbyes\u00bb css=\u00bb%7B%22default%22%3A%7B%22text-align%22%3A%22center%22%2C%22font-size%22%3A%220.8rem%22%2C%22text-transform%22%3A%22uppercase%22%2C%22animation-name%22%3A%22fade%22%2C%22animation-delay%22%3A%220.5s%22%7D%7D\u00bb][vc_custom_heading text=\u00bbPescados\u00bb font_container=\u00bbtag:h2|text_align:center\u00bb use_theme_fonts=\u00bbyes\u00bb css=\u00bb%7B%22default%22%3A%7B%22color%22%3A%22%23333333%22%2C%22text-transform%22%3A%22uppercase%22%2C%22animation-name%22%3A%22fade%22%2C%22animation-delay%22%3A%220.5s%22%7D%7D\u00bb]<div class=\"w-image us_custom_f1a4f275 us_animate_this align_center\"><div class=\"w-image-h\"><img loading=\"lazy\" decoding=\"async\" width=\"116\" height=\"5\" src=\"https:\/\/melroses.es\/wp-content\/uploads\/2023\/02\/separador.png\" class=\"attachment-full size-full\" alt=\"separador\" \/><\/div><\/div><\/div><\/div><\/div><\/div><\/section><section class=\"l-section wpb_row us_custom_f1a4f275 us_animate_this height_auto\"><div class=\"l-section-h i-cf\"><div class=\"g-cols vc_row via_grid cols_1 laptops-cols_inherit tablets-cols_inherit mobiles-cols_1 valign_top type_default stacking_default\"><div class=\"wpb_column vc_column_container\"><div class=\"vc_column-inner\"><div class=\"w-tabs style_default switch_click accordion has_scrolling\" style=\"--sections-title-size:inherit\"><div class=\"w-tabs-sections titles-align_none icon_chevron cpos_right\"><div class=\"w-tabs-section active\" id=\"w143\"><button class=\"w-tabs-section-header active with_icon\" aria-controls=\"content-w143\" aria-expanded=\"true\"><i class=\"fas fa-fish-cooked\"><\/i><div class=\"w-tabs-section-title\">PESCADOS<\/div><div class=\"w-tabs-section-control\"><\/div><\/button><div  class=\"w-tabs-section-content\" id=\"content-w143\"><div class=\"w-tabs-section-content-h i-cf\"><div class=\"wpb_text_column\"><div class=\"wpb_wrapper\"><p><strong>(Nuestros pescados son frescos de la isla o importados)<\/strong><\/p>\n<p>Todos nuestros pescados se sirven con su guarnici\u00f3n.<\/p>\n<\/div><\/div><div class=\"w-separator size_medium\"><\/div><div class=\"g-cols wpb_row via_grid cols_2 laptops-cols_inherit tablets-cols_inherit mobiles-cols_1 valign_top type_default stacking_default\"><div class=\"wpb_column vc_column_container\"><div class=\"vc_column-inner\"><div class=\"w-vwrapper align_none valign_top\"><div class=\"wpb_text_column\"><div class=\"wpb_wrapper\"><h4>86- Fish and chips<\/h4>\n<p>Bacalao en tempura, servido con mayonesa o alioli.<\/p>\n<\/div><\/div><div class=\"w-separator size_medium\"><\/div><\/div><\/div><\/div><div class=\"wpb_column vc_column_container\"><div class=\"vc_column-inner\"><div class=\"w-vwrapper align_none valign_top\"><div class=\"wpb_text_column\"><div class=\"wpb_wrapper\"><h4>87- Salm\u00f3n al grill<\/h4>\n<\/div><\/div><div class=\"w-separator size_medium\"><\/div><\/div><\/div><\/div><\/div><div class=\"g-cols wpb_row via_grid cols_2 laptops-cols_inherit tablets-cols_inherit mobiles-cols_1 valign_top type_default stacking_default\"><div class=\"wpb_column vc_column_container\"><div class=\"vc_column-inner\"><div class=\"w-vwrapper align_none valign_top\"><div class=\"wpb_text_column\"><div class=\"wpb_wrapper\"><h4>88- Salm\u00f3n Bearnesa<\/h4>\n<\/div><\/div><div class=\"w-separator size_medium\"><\/div><\/div><\/div><\/div><div class=\"wpb_column vc_column_container\"><div class=\"vc_column-inner\"><div class=\"w-vwrapper align_none valign_top\"><div class=\"wpb_text_column\"><div class=\"wpb_wrapper\"><h4>89- Filete de Lubina salvaje<\/h4>\n<\/div><\/div><div class=\"w-separator size_medium\"><\/div><\/div><\/div><\/div><\/div><div class=\"g-cols wpb_row via_grid cols_2 laptops-cols_inherit tablets-cols_inherit mobiles-cols_1 valign_top type_default stacking_default\"><div class=\"wpb_column vc_column_container\"><div class=\"vc_column-inner\"><div class=\"w-vwrapper align_none valign_top\"><div class=\"wpb_text_column\"><div class=\"wpb_wrapper\"><h4>90- Calamar sahariano a la romana<\/h4>\n<p>Con papas arrugadas y nuestra salsa alioli para mojar.<\/p>\n<\/div><\/div><div class=\"w-separator size_medium\"><\/div><\/div><\/div><\/div><div class=\"wpb_column vc_column_container\"><div class=\"vc_column-inner\"><div class=\"w-vwrapper align_none valign_top\"><div class=\"wpb_text_column\"><div class=\"wpb_wrapper\"><h4>91- Langostinos salvajes a la plancha<\/h4>\n<p>Con papas arrugadas, ensalada y salsa rosa.<\/p>\n<\/div><\/div><div class=\"w-separator size_medium\"><\/div><\/div><\/div><\/div><\/div><\/div><\/div><\/div><\/div><\/div><\/div><\/div><\/div><\/div><\/section><section class=\"l-section wpb_row height_medium\"><div class=\"l-section-h i-cf\"><div class=\"g-cols vc_row via_grid cols_1 laptops-cols_inherit tablets-cols_inherit mobiles-cols_1 valign_top type_default stacking_default\"><div class=\"wpb_column vc_column_container\"><div class=\"vc_column-inner\"><div class=\"w-btn-wrapper align_none\"><a class=\"w-btn us-btn-style_1 us_custom_f1a4f275 us_animate_this\" href=\"\/es\/menu\/\"><span class=\"w-btn-label\">Volver al men\u00fa<\/span><\/a><\/div><div class=\"w-separator size_medium\"><\/div><\/div><\/div><\/div><\/div><\/section>\n","protected":false},"excerpt":{"rendered":"[vc_custom_heading text=\"MEN\u00da\" font_container=\"tag:div|text_align:left\" use_theme_fonts=\"yes\" css=\"%7B%22default%22%3A%7B%22text-align%22%3A%22center%22%2C%22font-size%22%3A%220.8rem%22%2C%22text-transform%22%3A%22uppercase%22%2C%22animation-name%22%3A%22fade%22%2C%22animation-delay%22%3A%220.5s%22%7D%7D\"][vc_custom_heading text=\"Pescados\" font_container=\"tag:h2|text_align:center\" use_theme_fonts=\"yes\" css=\"%7B%22default%22%3A%7B%22color%22%3A%22%23333333%22%2C%22text-transform%22%3A%22uppercase%22%2C%22animation-name%22%3A%22fade%22%2C%22animation-delay%22%3A%220.5s%22%7D%7D\"]PESCADOS(Nuestros pescados son frescos de la isla o importados) Todos nuestros pescados se sirven con su guarnici\u00f3n. 86- Fish and chips Bacalao en tempura, servido con mayonesa o alioli. 87- Salm\u00f3n al grill 88- Salm\u00f3n Bearnesa 89- Filete de Lubina salvaje 90- Calamar sahariano a la romana...","protected":false},"author":1,"featured_media":0,"parent":0,"menu_order":0,"comment_status":"closed","ping_status":"closed","template":"","meta":{"footnotes":""},"class_list":["post-440","page","type-page","status-publish","hentry"],"yoast_head":"<!-- This site is optimized with the Yoast SEO Premium plugin v26.2 (Yoast SEO v26.2) - https:\/\/yoast.com\/wordpress\/plugins\/seo\/ -->\n<title>Pescado - Melrose&#039;s Restaurante<\/title>\n<meta name=\"robots\" content=\"index, follow, max-snippet:-1, max-image-preview:large, max-video-preview:-1\" \/>\n<link rel=\"canonical\" href=\"https:\/\/melroses.es\/fish\/\" \/>\n<meta property=\"og:locale\" content=\"es_ES\" \/>\n<meta property=\"og:type\" content=\"article\" \/>\n<meta property=\"og:title\" content=\"Pescado\" \/>\n<meta property=\"og:url\" content=\"https:\/\/melroses.es\/fish\/\" \/>\n<meta property=\"og:site_name\" content=\"Melrose&#039;s Restaurante\" \/>\n<meta property=\"article:modified_time\" content=\"2026-05-13T08:56:19+00:00\" \/>\n<meta name=\"twitter:card\" content=\"summary_large_image\" \/>\n<meta name=\"twitter:label1\" content=\"Tiempo de lectura\" \/>\n\t<meta name=\"twitter:data1\" content=\"1 minuto\" \/>\n<script type=\"application\/ld+json\" class=\"yoast-schema-graph\">{\"@context\":\"https:\/\/schema.org\",\"@graph\":[{\"@type\":\"WebPage\",\"@id\":\"https:\/\/melroses.es\/fish\/\",\"url\":\"https:\/\/melroses.es\/fish\/\",\"name\":\"Pescado - Melrose&#039;s Restaurante\",\"isPartOf\":{\"@id\":\"https:\/\/melroses.es\/#website\"},\"datePublished\":\"2023-10-26T11:29:20+00:00\",\"dateModified\":\"2026-05-13T08:56:19+00:00\",\"breadcrumb\":{\"@id\":\"https:\/\/melroses.es\/fish\/#breadcrumb\"},\"inLanguage\":\"es\",\"potentialAction\":[{\"@type\":\"ReadAction\",\"target\":[\"https:\/\/melroses.es\/fish\/\"]}]},{\"@type\":\"BreadcrumbList\",\"@id\":\"https:\/\/melroses.es\/fish\/#breadcrumb\",\"itemListElement\":[{\"@type\":\"ListItem\",\"position\":1,\"name\":\"Portada\",\"item\":\"https:\/\/melroses.es\/\"},{\"@type\":\"ListItem\",\"position\":2,\"name\":\"Pescado\"}]},{\"@type\":\"WebSite\",\"@id\":\"https:\/\/melroses.es\/#website\",\"url\":\"https:\/\/melroses.es\/\",\"name\":\"Melrose&#039;s Restaurante\",\"description\":\"Restaurante italiano en Adeje\",\"publisher\":{\"@id\":\"https:\/\/melroses.es\/#organization\"},\"potentialAction\":[{\"@type\":\"SearchAction\",\"target\":{\"@type\":\"EntryPoint\",\"urlTemplate\":\"https:\/\/melroses.es\/?s={search_term_string}\"},\"query-input\":{\"@type\":\"PropertyValueSpecification\",\"valueRequired\":true,\"valueName\":\"search_term_string\"}}],\"inLanguage\":\"es\"},{\"@type\":[\"Organization\",\"Place\",\"Restaurant\"],\"@id\":\"https:\/\/melroses.es\/#organization\",\"name\":\"Melrose's\",\"url\":\"https:\/\/melroses.es\/\",\"logo\":{\"@id\":\"https:\/\/melroses.es\/fish\/#local-main-organization-logo\"},\"image\":{\"@id\":\"https:\/\/melroses.es\/fish\/#local-main-organization-logo\"},\"address\":{\"@id\":\"https:\/\/melroses.es\/fish\/#local-main-place-address\"},\"geo\":{\"@type\":\"GeoCoordinates\",\"latitude\":\"28.05593222916813\",\"longitude\":\"-16.730127530459345\"},\"telephone\":[],\"contactPoint\":{\"@type\":\"ContactPoint\",\"telephone\":\"922 75 26 66\",\"email\":\"info@melroses.es\"},\"openingHoursSpecification\":[{\"@type\":\"OpeningHoursSpecification\",\"dayOfWeek\":[\"Monday\",\"Tuesday\",\"Wednesday\",\"Thursday\",\"Friday\",\"Saturday\",\"Sunday\"],\"opens\":\"13:00\",\"closes\":\"23:00\"}],\"priceRange\":\"$$\",\"currenciesAccepted\":\"Euro\"},{\"@type\":\"PostalAddress\",\"@id\":\"https:\/\/melroses.es\/fish\/#local-main-place-address\",\"streetAddress\":\"Avda. Antonio Dominguez N1 (134, 25 km, 38650 Playa de la Am\u00e9ricas, Santa Cruz de Tenerife\",\"addressLocality\":\"Playa de la Am\u00e9ricas\",\"postalCode\":\"38650\",\"addressCountry\":\"ES\"},{\"@type\":\"ImageObject\",\"inLanguage\":\"es\",\"@id\":\"https:\/\/melroses.es\/fish\/#local-main-organization-logo\",\"url\":\"https:\/\/melroses.es\/wp-content\/uploads\/2023\/05\/melroses.png\",\"contentUrl\":\"https:\/\/melroses.es\/wp-content\/uploads\/2023\/05\/melroses.png\",\"width\":350,\"height\":350,\"caption\":\"Melrose's\"}]}<\/script>\n<meta name=\"geo.placename\" content=\"Playa de la Am\u00e9ricas\" \/>\n<meta name=\"geo.position\" content=\"28.05593222916813;-16.730127530459345\" \/>\n<meta name=\"geo.region\" content=\"Espa\u00f1a\" \/>\n<!-- \/ Yoast SEO Premium plugin. -->","yoast_head_json":{"title":"Pescado - Melrose&#039;s Restaurante","robots":{"index":"index","follow":"follow","max-snippet":"max-snippet:-1","max-image-preview":"max-image-preview:large","max-video-preview":"max-video-preview:-1"},"canonical":"https:\/\/melroses.es\/fish\/","og_locale":"es_ES","og_type":"article","og_title":"Pescado","og_url":"https:\/\/melroses.es\/fish\/","og_site_name":"Melrose&#039;s Restaurante","article_modified_time":"2026-05-13T08:56:19+00:00","twitter_card":"summary_large_image","twitter_misc":{"Tiempo de lectura":"1 minuto"},"schema":{"@context":"https:\/\/schema.org","@graph":[{"@type":"WebPage","@id":"https:\/\/melroses.es\/fish\/","url":"https:\/\/melroses.es\/fish\/","name":"Pescado - Melrose&#039;s Restaurante","isPartOf":{"@id":"https:\/\/melroses.es\/#website"},"datePublished":"2023-10-26T11:29:20+00:00","dateModified":"2026-05-13T08:56:19+00:00","breadcrumb":{"@id":"https:\/\/melroses.es\/fish\/#breadcrumb"},"inLanguage":"es","potentialAction":[{"@type":"ReadAction","target":["https:\/\/melroses.es\/fish\/"]}]},{"@type":"BreadcrumbList","@id":"https:\/\/melroses.es\/fish\/#breadcrumb","itemListElement":[{"@type":"ListItem","position":1,"name":"Portada","item":"https:\/\/melroses.es\/"},{"@type":"ListItem","position":2,"name":"Pescado"}]},{"@type":"WebSite","@id":"https:\/\/melroses.es\/#website","url":"https:\/\/melroses.es\/","name":"Melrose&#039;s Restaurante","description":"Restaurante italiano en Adeje","publisher":{"@id":"https:\/\/melroses.es\/#organization"},"potentialAction":[{"@type":"SearchAction","target":{"@type":"EntryPoint","urlTemplate":"https:\/\/melroses.es\/?s={search_term_string}"},"query-input":{"@type":"PropertyValueSpecification","valueRequired":true,"valueName":"search_term_string"}}],"inLanguage":"es"},{"@type":["Organization","Place","Restaurant"],"@id":"https:\/\/melroses.es\/#organization","name":"Melrose's","url":"https:\/\/melroses.es\/","logo":{"@id":"https:\/\/melroses.es\/fish\/#local-main-organization-logo"},"image":{"@id":"https:\/\/melroses.es\/fish\/#local-main-organization-logo"},"address":{"@id":"https:\/\/melroses.es\/fish\/#local-main-place-address"},"geo":{"@type":"GeoCoordinates","latitude":"28.05593222916813","longitude":"-16.730127530459345"},"telephone":[],"contactPoint":{"@type":"ContactPoint","telephone":"922 75 26 66","email":"info@melroses.es"},"openingHoursSpecification":[{"@type":"OpeningHoursSpecification","dayOfWeek":["Monday","Tuesday","Wednesday","Thursday","Friday","Saturday","Sunday"],"opens":"13:00","closes":"23:00"}],"priceRange":"$$","currenciesAccepted":"Euro"},{"@type":"PostalAddress","@id":"https:\/\/melroses.es\/fish\/#local-main-place-address","streetAddress":"Avda. Antonio Dominguez N1 (134, 25 km, 38650 Playa de la Am\u00e9ricas, Santa Cruz de Tenerife","addressLocality":"Playa de la Am\u00e9ricas","postalCode":"38650","addressCountry":"ES"},{"@type":"ImageObject","inLanguage":"es","@id":"https:\/\/melroses.es\/fish\/#local-main-organization-logo","url":"https:\/\/melroses.es\/wp-content\/uploads\/2023\/05\/melroses.png","contentUrl":"https:\/\/melroses.es\/wp-content\/uploads\/2023\/05\/melroses.png","width":350,"height":350,"caption":"Melrose's"}]},"geo.placename":"Playa de la Am\u00e9ricas","geo.position":{"lat":"28.05593222916813","long":"-16.730127530459345"},"geo.region":"Espa\u00f1a"},"_links":{"self":[{"href":"https:\/\/melroses.es\/es\/wp-json\/wp\/v2\/pages\/440","targetHints":{"allow":["GET"]}}],"collection":[{"href":"https:\/\/melroses.es\/es\/wp-json\/wp\/v2\/pages"}],"about":[{"href":"https:\/\/melroses.es\/es\/wp-json\/wp\/v2\/types\/page"}],"author":[{"embeddable":true,"href":"https:\/\/melroses.es\/es\/wp-json\/wp\/v2\/users\/1"}],"replies":[{"embeddable":true,"href":"https:\/\/melroses.es\/es\/wp-json\/wp\/v2\/comments?post=440"}],"version-history":[{"count":7,"href":"https:\/\/melroses.es\/es\/wp-json\/wp\/v2\/pages\/440\/revisions"}],"predecessor-version":[{"id":727,"href":"https:\/\/melroses.es\/es\/wp-json\/wp\/v2\/pages\/440\/revisions\/727"}],"wp:attachment":[{"href":"https:\/\/melroses.es\/es\/wp-json\/wp\/v2\/media?parent=440"}],"curies":[{"name":"wp","href":"https:\/\/api.w.org\/{rel}","templated":true}]}}